{"id":21,"date":"2017-02-28T12:26:19","date_gmt":"2017-02-28T12:26:19","guid":{"rendered":"http:\/\/wierzbowski.de\/?page_id=21"},"modified":"2024-05-20T07:08:21","modified_gmt":"2024-05-20T07:08:21","slug":"impressum","status":"publish","type":"page","link":"https:\/\/wierzbowski.de\/index.php\/impressum\/","title":{"rendered":"Impressum"},"content":{"rendered":"[mk_page_section layout_structure=&#8220;half_left&#8220; bg_image=&#8220;http:\/\/wierzbowski.de\/wp-content\/uploads\/2017\/02\/impressum.jpg&#8220;][vc_column][vc_column_text]\n<h2>Herausgeber:<\/h2>\n<div>\n<div><strong>Ralf Wierzbowski<\/strong><\/div>\n<div>0241 &#8211; 9 01 02 37<br \/>\n0176 &#8211; 22 88 22 42<\/div>\n<div><a href=\"mailto:info@wierzbowski.de\">info@wierzbowski.de<\/a><\/div>\n<address>\n<div>Brabantstra\u00dfe 30<\/div>\n<div>52070 Aachen<\/div>\n<\/address>\n<\/div>\n<p>coding: <a href=\"http:\/\/sbits.ac\/\">sbits.ac<\/a><\/p>\n<h2>Disclaimer &#8211; Haftungsausschluss<\/h2>\n[\/vc_column_text][vc_accordions style=&#8220;simple-style&#8220; open_toggle=&#8220;-1&#8243; container_bg_color=&#8220;#ffffff&#8220;][vc_accordion_tab title=&#8220;Haftung f\u00fcr Inhalte&#8220;][vc_column_text]Obwohl wir uns um Aktualit\u00e4t, Vollst\u00e4ndigkeit und Richtigkeit der Inhalte unserer Seiten bem\u00fchen, k\u00f6nnen wir hierf\u00fcr keine Garantie \u00fcbernehmen.<\/p>\n<p>Nach \u00a7 7 Absatz 1 TDG sind wir als Diensteanbieter f\u00fcr eigene Inhalte auf unseren Seiten nach den allgemeinen Gesetzen verantwortlich.<\/p>\n<p>Eine Verpflichtung zur \u00dcberwachung \u00fcbermittelter oder gespeicherter fremder Informationen besteht jedoch nicht (\u00a7\u00a7 8-10 TDG). Sobald uns Rechtsverst\u00f6\u00dfe bekannt werden, werden wir die entsprechenden Inhalte umgehend entfernen. Eine dahingehende Haftung wird jedoch erst ab dem Zeitpunkt der Kenntnis konkreter Rechtsverletzungen \u00fcbernommen.[\/vc_column_text][\/vc_accordion_tab][vc_accordion_tab title=&#8220;Haftung f\u00fcr Links&#8220;][vc_column_text]Unsere Seiten enthalten Links auf externe Webseiten Dritter. Auf die Inhalte dieser verlinkten Webseiten haben wir keinen Einfluss. F\u00fcr die Richtigkeit der Inhalte ist immer der jeweilige Anbieter oder Betreiber verantwortlich, weshalb wir diesbez\u00fcglich keinerlei Gew\u00e4hr \u00fcbernehmen.<\/p>\n<p>Die fremden Webseiten haben wir zum Zeitpunkt der Verlinkung auf m\u00f6gliche Rechtsverst\u00f6\u00dfe \u00fcberpr\u00fcft. Zum Zeitpunkt der Verlinkung waren keinerlei Rechtsverletzungen erkennbar. Eine st\u00e4ndige \u00dcberpr\u00fcfung s\u00e4mtlicher Inhalte der von uns verlinkten Seiten ohne tats\u00e4chliche Anhaltspunkte f\u00fcr einen Rechtsversto\u00df k\u00f6nnen wir nicht leisten. Falls uns Rechtsverletzungen bekannt werden, werden wir die entsprechenden Links sofort entfernen.[\/vc_column_text][\/vc_accordion_tab][vc_accordion_tab title=&#8220;Urheberrecht&#8220;][vc_column_text]Die durch den Betreiber dieser Seite erstellten Inhalte und Werke auf diesen Webseiten unterliegen dem deutschen Urheberrecht. S\u00e4mtliche Beitr\u00e4ge Dritter sind als solche gekennzeichnet. Die Vervielf\u00e4ltigung, Bearbeitung, Verbreitung und jede Art der Verwertung au\u00dferhalb der Grenzen des Urheberrechts bed\u00fcrfen der schriftlichen Zustimmung des jeweiligen Autors bzw. Erstellers. Kopien von diesen Seiten sind nur f\u00fcr den privaten Bereich gestattet, nicht jedoch f\u00fcr kommerzielle Zwecke.[\/vc_column_text][\/vc_accordion_tab][vc_accordion_tab title=&#8220;Datenschutz&#8220;][vc_column_text]F\u00fcr die Sicherheit der Daten\u00fcbertragung im Internet k\u00f6nnen wir keine Gew\u00e4hr \u00fcbernehmen, insbesondere besteht bei der \u00dcbertragung von Daten per E-Mail die Gefahr des Zugriffs durch Dritte.<\/p>\n<p>Im Falle der Erhebung personenbezogener Daten auf unseren Seiten erfolgt die Preisgabe dieser Daten seitens des Nutzers stets auf freiwilliger Basis. Die Inanspruchnahme und Bezahlung aller angebotenen Dienste ist auch ohne Angabe solcher Daten bzw. unter Angabe anonymisierter Daten oder eines Pseudonyms gestattet, soweit dies technisch m\u00f6glich und zumutbar ist.<\/p>\n<p>Einer Nutzung der im Impressum ver\u00f6ffentlichten Kontaktdaten durch Dritte zu Werbezwecken wird hiermit ausdr\u00fccklich widersprochen. Der Betreiber beh\u00e4lt sich f\u00fcr den Fall unverlangt zugesandter Werbe- oder Informationsmaterialien ausdr\u00fccklich rechtliche Schritte vor.<\/p>\n[\/vc_column_text][\/vc_accordion_tab][vc_accordion_tab title=&#8220;Rechtswirksamkeit dieses Haftungsausschlusses&#8220;][vc_column_text]Sollten einzelne Regelungen oder Formulierungen dieses Haftungsausschlusses unwirksam sein oder werden, bleiben die \u00fcbrigen Regelungen in ihrem Inhalt und ihrer G\u00fcltigkeit hiervon unber\u00fchrt.<\/p>\n[\/vc_column_text][\/vc_accordion_tab][vc_accordion_tab title=&#8220;Nutzung von Google Analytics&#8220;][vc_column_text]Diese Website benutzt Google Analytics, einen Webanalysedienst der Google Inc. (Google) Google Analytics verwendet sog. Cookies, Textdateien, die auf Ihrem Computer gespeichert werden und die eine Analyse der Benutzung der Website durch Sie erm\u00f6glicht. Die durch den Cookie erzeugten Informationen \u00fcber Ihre Benutzung dieser Website (einschlie\u00dflich Ihrer IP-Adresse) wird an einen Server von Google in den USA \u00fcbertragen und dort gespeichert. Google wird diese Informationen benutzen, um Ihre Nutzung der Website auszuwerten, um Reports \u00fcber die Websiteaktivit\u00e4ten f\u00fcr die Websitebetreiber zusammenzustellen und um weitere mit der Websitenutzung und der Internetnutzung verbundene Dienstleistungen zu erbringen. Auch wird Google diese Informationen gegebenenfalls an Dritte \u00fcbertragen, sofern dies gesetzlich vorgeschrieben oder soweit Dritte diese Daten im Auftrag von Google verarbeiten. Google wird in keinem Fall Ihre IP-Adresse mit anderen Daten der Google Inc. in Verbindung bringen. Sie k\u00f6nnen die Installation der Cookies durch eine entsprechende Einstellung Ihrer Browser Software verhindern; wir weisen Sie jedoch darauf hin, dass Sie in diesem Fall gegebenenfalls nicht s\u00e4mtliche Funktionen dieser Website voll umf\u00e4nglich nutzen k\u00f6nnen. Durch die Nutzung dieser Website erkl\u00e4ren Sie sich mit der Bearbeitung der \u00fcber Sie erhobenen Daten durch Google in der zuvor beschriebenen Art und Weise und zu dem zuvor benannten Zweck einverstanden.[\/vc_column_text][\/vc_accordion_tab][vc_accordion_tab title=&#8220;Inhaltsbereich&#8220;][\/vc_accordion_tab][\/vc_accordions][\/vc_column][\/mk_page_section]\n","protected":false},"excerpt":{"rendered":"<p>[mk_page_section layout_structure=&#8220;half_left&#8220; bg_image=&#8220;http:\/\/wierzbowski.de\/wp-content\/uploads\/2017\/02\/impressum.jpg&#8220;][vc_column][vc_column_text] Herausgeber: Ralf Wierzbowski 0241 &#8211; 9 01 02 37 0176 &#8211; 22 88 22 42 info@wierzbowski.de Brabantstra\u00dfe 30 52070 Aachen coding: sbits.ac Disclaimer &#8211; Haftungsausschluss [\/vc_column_text][vc_accordions style=&#8220;simple-style&#8220; open_toggle=&#8220;-1&#8243; container_bg_color=&#8220;#ffffff&#8220;][vc_accordion_tab title=&#8220;Haftung f\u00fcr Inhalte&#8220;][vc_column_text]Obwohl wir uns um Aktualit\u00e4t, Vollst\u00e4ndigkeit und Richtigkeit der Inhalte unserer Seiten bem\u00fchen, k\u00f6nnen wir hierf\u00fcr keine Garantie \u00fcbernehmen. Nach \u00a7 [&hellip;]<\/p>\n","protected":false},"author":1,"featured_media":0,"parent":0,"menu_order":99,"comment_status":"closed","ping_status":"closed","template":"","meta":[],"_links":{"self":[{"href":"https:\/\/wierzbowski.de\/index.php\/wp-json\/wp\/v2\/pages\/21"}],"collection":[{"href":"https:\/\/wierzbowski.de\/index.php\/wp-json\/wp\/v2\/pages"}],"about":[{"href":"https:\/\/wierzbowski.de\/index.php\/wp-json\/wp\/v2\/types\/page"}],"author":[{"embeddable":true,"href":"https:\/\/wierzbowski.de\/index.php\/wp-json\/wp\/v2\/users\/1"}],"replies":[{"embeddable":true,"href":"https:\/\/wierzbowski.de\/index.php\/wp-json\/wp\/v2\/comments?post=21"}],"version-history":[{"count":7,"href":"https:\/\/wierzbowski.de\/index.php\/wp-json\/wp\/v2\/pages\/21\/revisions"}],"predecessor-version":[{"id":435,"href":"https:\/\/wierzbowski.de\/index.php\/wp-json\/wp\/v2\/pages\/21\/revisions\/435"}],"wp:attachment":[{"href":"https:\/\/wierzbowski.de\/index.php\/wp-json\/wp\/v2\/media?parent=21"}],"curies":[{"name":"wp","href":"https:\/\/api.w.org\/{rel}","templated":true}]}}